{"id":189,"date":"2017-02-05T08:51:10","date_gmt":"2017-02-05T08:51:10","guid":{"rendered":"http:\/\/www.osmanyildiz.com\/?page_id=189"},"modified":"2022-08-17T11:38:07","modified_gmt":"2022-08-17T11:38:07","slug":"kisaca-ben","status":"publish","type":"page","link":"http:\/\/www.osmanyildiz.com\/?page_id=189","title":{"rendered":"K\u0131saca Ben"},"content":{"rendered":"<p>\u00d6ZET OLARAK<\/p>\n<p>Kurumsal Mimar \/ Sistem Mimar\u0131<\/p>\n<p>\u2022 Microsoft D\u00fcnyas\u0131n\u0131n b\u00fct\u00fcn sistemlerinin \u00dcst D\u00fczey Admini<br \/>\n\u2022 Sanalla\u015ft\u0131rma (Vmware\/Hyper-v) d\u00fcnyas\u0131n\u0131n b\u00fct\u00fcn sistemlerin \u00dcst D\u00fczey Admini<br \/>\n\u2022 Log Y\u00f6netimi D\u00fcnyas\u0131n\u0131n b\u00fct\u00fcn sistemlerinin \u00dcst D\u00fczey Admini<br \/>\n\u2022 Sistem ve Bilgi G\u00fcvenlik d\u00fcnyasn\u0131n b\u00fct\u00fcn sistemlerinin \u00dcst D\u00fczey Admini<br \/>\n\u2022 Linux\/Unix d\u00fcnyas\u0131n\u0131n b\u00fct\u00fcn sistemlerinin Orta D\u00fczey Admini<br \/>\n\u2022 Backup D\u00fcnyas\u0131n\u0131n b\u00fct\u00fcn sistemlerinin Orta D\u00fczey Admini<br \/>\n\u2022 Veritaban\u0131 d\u00fcnyas\u0131n\u0131n b\u00fct\u00fcn sistemlerinin Orta D\u00fczey Admini<br \/>\n\u2022 Yaz\u0131l\u0131m d\u00fcnyas\u0131n\u0131n b\u00fct\u00fcn dillerinin Orta D\u00fczey Admini<br \/>\n\u2022 Bili\u015fim E\u011fitmenli\u011fi Orta D\u00fczey E\u011fitmen<\/p>\n","protected":false},"excerpt":{"rendered":"<p>\u00d6ZET OLARAK Kurumsal Mimar \/ Sistem Mimar\u0131 \u2022 Microsoft D\u00fcnyas\u0131n\u0131n b\u00fct\u00fcn sistemlerinin \u00dcst D\u00fczey Admini \u2022 Sanalla\u015ft\u0131rma (Vmware\/Hyper-v) d\u00fcnyas\u0131n\u0131n b\u00fct\u00fcn sistemlerin \u00dcst D\u00fczey Admini \u2022 Log Y\u00f6netimi D\u00fcnyas\u0131n\u0131n b\u00fct\u00fcn sistemlerinin \u00dcst D\u00fczey Admini \u2022 Sistem ve Bilgi G\u00fcvenlik d\u00fcnyasn\u0131n b\u00fct\u00fcn sistemlerinin \u00dcst D\u00fczey Admini \u2022 Linux\/Unix d\u00fcnyas\u0131n\u0131n b\u00fct\u00fcn sistemlerinin Orta D\u00fczey Admini \u2022 Backup D\u00fcnyas\u0131n\u0131n b\u00fct\u00fcn sistemlerinin Orta D\u00fczey Admini \u2022 Veritaban\u0131 d\u00fcnyas\u0131n\u0131n b\u00fct\u00fcn sistemlerinin Orta D\u00fczey Admini \u2022 Yaz\u0131l\u0131m d\u00fcnyas\u0131n\u0131n b\u00fct\u00fcn dillerinin Orta D\u00fczey Admini \u2022 Bili\u015fim E\u011fitmenli\u011fi Orta D\u00fczey E\u011fitmen<\/p>\n","protected":false},"author":1,"featured_media":0,"parent":0,"menu_order":0,"comment_status":"closed","ping_status":"closed","template":"","meta":{"footnotes":""},"class_list":["post-189","page","type-page","status-publish","hentry"],"_links":{"self":[{"href":"http:\/\/www.osmanyildiz.com\/index.php?rest_route=\/wp\/v2\/pages\/189","targetHints":{"allow":["GET"]}}],"collection":[{"href":"http:\/\/www.osmanyildiz.com\/index.php?rest_route=\/wp\/v2\/pages"}],"about":[{"href":"http:\/\/www.osmanyildiz.com\/index.php?rest_route=\/wp\/v2\/types\/page"}],"author":[{"embeddable":true,"href":"http:\/\/www.osmanyildiz.com\/index.php?rest_route=\/wp\/v2\/users\/1"}],"replies":[{"embeddable":true,"href":"http:\/\/www.osmanyildiz.com\/index.php?rest_route=%2Fwp%2Fv2%2Fcomments&post=189"}],"version-history":[{"count":3,"href":"http:\/\/www.osmanyildiz.com\/index.php?rest_route=\/wp\/v2\/pages\/189\/revisions"}],"predecessor-version":[{"id":246,"href":"http:\/\/www.osmanyildiz.com\/index.php?rest_route=\/wp\/v2\/pages\/189\/revisions\/246"}],"wp:attachment":[{"href":"http:\/\/www.osmanyildiz.com\/index.php?rest_route=%2Fwp%2Fv2%2Fmedia&parent=189"}],"curies":[{"name":"wp","href":"https:\/\/api.w.org\/{rel}","templated":true}]}}